{"id":822,"date":"2017-08-23T14:52:34","date_gmt":"2017-08-23T14:52:34","guid":{"rendered":"http:\/\/www.nicdarkthemes.com\/themes\/hotel\/wp\/demo\/hotel\/?page_id=822"},"modified":"2021-03-05T14:47:00","modified_gmt":"2021-03-05T14:47:00","slug":"around-hotel","status":"publish","type":"page","link":"https:\/\/bbdvorec.com\/en\/around-hotel\/","title":{"rendered":"Around Us"},"content":{"rendered":"<div data-vc-full-width=\"true\" data-vc-full-width-init=\"false\" data-vc-stretch-content=\"true\" class=\"vc_row wpb_row vc_row-fluid nd_options_overflow_visible_important vc_custom_1614842605660 vc_row-has-fill vc_row-no-padding\"><div class=\"wpb_column vc_column_container vc_col-sm-12\"><div class=\"vc_column-inner\"><div class=\"wpb_wrapper\"><div class=\"vc_row wpb_row vc_inner vc_row-fluid nd_options_bg_greydark_alpha_gradient_3 vc_custom_1486118361106\"><div class=\"wpb_column vc_column_container vc_col-sm-4\"><div class=\"vc_column-inner\"><div class=\"wpb_wrapper\"><\/div><\/div><\/div><div class=\"wpb_column vc_column_container vc_col-sm-4\"><div class=\"vc_column-inner vc_custom_1486118458781\"><div class=\"wpb_wrapper\"> <h1 style=\"color:#ffffff;padding:px;text-align:center;font-size:55px;line-height:55px;letter-spacing: px;font-weight:normal\" class=\"nd_options_font_size_40_important_all_iphone nd_options_line_height_40_important_all_iphone nd_options_first_font\">Popular attractions<\/h1> <div style=\"background-color:;height: 20px\" class=\"nicdark_section\"><\/div> <p style=\"color:#ffffff;padding:px;text-align:center;font-size:px;line-height:px;letter-spacing: 2px;font-weight:lighter\" class=\"nd_options_second_font\"><\/p> <div style=\"background-color:;height: 40px\" class=\"nicdark_section\"><\/div><\/div><\/div><\/div><div class=\"wpb_column vc_column_container vc_col-sm-4\"><div class=\"vc_column-inner\"><div class=\"wpb_wrapper\"><\/div><\/div><\/div><\/div><\/div><\/div><\/div><\/div><div class=\"vc_row-full-width vc_clearfix\"><\/div><div class=\"vc_row wpb_row vc_row-fluid vc_custom_1614824462539\"><div class=\"wpb_column vc_column_container vc_col-sm-12\"><div class=\"vc_column-inner\"><div class=\"wpb_wrapper\">\n\t<div class=\"wpb_raw_code wpb_content_element wpb_raw_html\" >\n\t\t<div class=\"wpb_wrapper\">\n\t\t\t\n\t\t\n\n\n<!--START MASONRY--><div class=\"nd_options_section nd_options_masonry_content\" style=\"position: relative; height: 877.033px;\">\n\n\n\t    <div class=\"nd_options_width_33_percentage nd_options_float_left nd_options_padding_15 nd_options_box_sizing_border_box nd_options_masonry_item nd_options_width_100_percentage_responsive\" style=\"position: absolute; left: 0px; top: 0px;\">\n\t\t    <div class=\"nd_options_section nd_options_border_1_solid_grey nd_options_bg_white\">\n\n\t\t        <div class=\"nd_options_section nd_options_position_relative\">\n\t\t            \n\t\t            \n\n\n\t\t  \t<div class=\"nd_options_section nd_options_position_relative\">\n\t\t        <a href=\"https:\/\/www.turizem-zalec.si\/sl\/imenik\/1225\/fontana-piv-zeleno-zlato\" target=\"_blank\" rel=\"nofollow\"><img alt=\"\" class=\"nd_options_section\" src=\"https:\/\/bbdvorec.com\/wp-content\/uploads\/2017\/08\/Untitled-444.png\"><\/a>\n\t\t    <\/div>\n\n\t\t  \t\n\n\t\t        <\/div>\n\n\t\t        <div class=\"nd_options_section nd_options_padding_30 nd_options_box_sizing_border_box\">\n\t\t            <h5 class=\"nd_options_margin_0_important nd_options_padding_0 nd_options_second_font nd_options_color_greydark nd_options_font_size_12 nd_options_text_transform_uppercase nd_options_letter_spacing_3 nd_options_font_weight_lighter\">Savinjska regija <\/h5>\n\n\t\t            <div class=\"nd_options_section nd_options_height_15\"><\/div>\n\t \t\t\t\t<div class=\"nd_options_section nd_options_line_height_0\"><span class=\"nd_options_display_inline_block nd_options_float_left nd_options_bg_greydark nd_options_width_30 nd_options_height_1\"><\/span><\/div>\n\t \t\t\t\t<div class=\"nd_options_section nd_options_height_15\"><\/div>\n\n\t\t            <h2 class=\"nd_options_margin_0_important nd_options_padding_0\">Green Gold Beer Fountain<\/h2>\n\t\t            <div class=\"nd_options_section nd_options_height_20\"><\/div>\n\t\t            <p class=\"nd_options_margin_0_important nd_options_padding_0\">A tribute to the hop-growing heritage of the Lower Savinja Valley and \u017dalec, which is the center of hop production in our country.<\/p>\n\t\t            <div class=\"nd_options_section nd_options_height_20\"><\/div>\n\t\t            <a style=\"border: 2px solid #c19b76; color:#c19b76;\" class=\"nd_options_display_inline_block nd_options_line_height_11 nd_options_text_align_center nd_options_box_sizing_border_box nd_options_font_size_11 nd_options_font_weight_bold nd_options_second_font nd_options_padding_15_30\" href=\"https:\/\/www.turizem-zalec.si\/sl\/imenik\/1225\/fontana-piv-zeleno-zlato\" target=\"_blank\" rel=\"nofollow\">Read more<\/a>\n\n\t\t        <\/div>\n\n\t\t    <\/div>\n\t\t<\/div>\n\n\n\t  \n\n\n\t    <div class=\"nd_options_width_33_percentage nd_options_float_left nd_options_padding_15 nd_options_box_sizing_border_box nd_options_masonry_item nd_options_width_100_percentage_responsive\" style=\"position: absolute; left: 399.95px; top: 0px;\">\n\t\t    <div class=\"nd_options_section nd_options_border_1_solid_grey nd_options_bg_white\">\n\n\t\t        <div class=\"nd_options_section nd_options_position_relative\">\n\t\t            \n\t\t            \n\n\n\t\t  \t<div class=\"nd_options_section nd_options_position_relative\">\n\t\t        <a href=\"https:\/\/www.turizem-zalec.si\/sl\/imenik\/88\/dvorec-novo-celje\" target=\"_blank\" rel=\"nofollow\"><img alt=\"\" class=\"nd_options_section\" src=\"https:\/\/bbdvorec.com\/wp-content\/uploads\/2017\/08\/Untitled-444-1.png\"><\/a>\n\t\t    <\/div>\n\n\t\t  \t\n\n\t\t        <\/div>\n\n\t\t        <div class=\"nd_options_section nd_options_padding_30 nd_options_box_sizing_border_box\">\n\t\t            <h5 class=\"nd_options_margin_0_important nd_options_padding_0 nd_options_second_font nd_options_color_greydark nd_options_font_size_12 nd_options_text_transform_uppercase nd_options_letter_spacing_3 nd_options_font_weight_lighter\">Savinjska regija<\/h5>\n\n\t\t            <div class=\"nd_options_section nd_options_height_15\"><\/div>\n\t \t\t\t\t<div class=\"nd_options_section nd_options_line_height_0\"><span class=\"nd_options_display_inline_block nd_options_float_left nd_options_bg_greydark nd_options_width_30 nd_options_height_1\"><\/span><\/div>\n\t \t\t\t\t<div class=\"nd_options_section nd_options_height_15\"><\/div>\n\n\t\t            <h2 class=\"nd_options_margin_0_important nd_options_padding_0\">Mansion Novo Celje<\/h2>\n\t\t            <div class=\"nd_options_section nd_options_height_20\"><\/div>\n\t\t            <p class=\"nd_options_margin_0_important nd_options_padding_0\">It is considered as one of the most important landmarks of secular Baroque architecture in Slovenia.<\/p>\n\t\t            <div class=\"nd_options_section nd_options_height_20\"><\/div>\n\t\t            <a style=\"border: 2px solid #c19b76; color:#c19b76;\" class=\"nd_options_display_inline_block nd_options_line_height_11 nd_options_text_align_center nd_options_box_sizing_border_box nd_options_font_size_11 nd_options_font_weight_bold nd_options_second_font nd_options_padding_15_30\" href=\"https:\/\/www.turizem-zalec.si\/sl\/imenik\/88\/dvorec-novo-celje\" target=\"_blank\" rel=\"nofollow\">Read more<\/a>\n\n\t\t        <\/div>\n\n\t\t    <\/div>\n\t\t<\/div>\n\n\n\t  \n\n\n\t    <div class=\"nd_options_width_33_percentage nd_options_float_left nd_options_padding_15 nd_options_box_sizing_border_box nd_options_masonry_item nd_options_width_100_percentage_responsive\" style=\"position: absolute; left: 799.9px; top: 0px;\">\n\t\t    <div class=\"nd_options_section nd_options_border_1_solid_grey nd_options_bg_white\">\n\n\t\t        <div class=\"nd_options_section nd_options_position_relative\">\n\t\t            \n\t\t            \n\n\n\t\t  \t<div class=\"nd_options_section nd_options_position_relative\">\n\t\t        <a href=\"http:\/\/www.td-sempeter.si\/narava\/jama-pekel\/\" target=\"_blank\" rel=\"nofollow\"><img alt=\"\" class=\"nd_options_section\" src=\"https:\/\/bbdvorec.com\/wp-content\/uploads\/2017\/08\/Untitled-444-2.png\"><\/a>\n\t\t    <\/div>\n\n\t\t  \t\n\n\t\t        <\/div>\n\n\t\t        <div class=\"nd_options_section nd_options_padding_30 nd_options_box_sizing_border_box\">\n\t\t            <h5 class=\"nd_options_margin_0_important nd_options_padding_0 nd_options_second_font nd_options_color_greydark nd_options_font_size_12 nd_options_text_transform_uppercase nd_options_letter_spacing_3 nd_options_font_weight_lighter\">Savinjska regija <\/h5>\n\n\t\t            <div class=\"nd_options_section nd_options_height_15\"><\/div>\n\t \t\t\t\t<div class=\"nd_options_section nd_options_line_height_0\"><span class=\"nd_options_display_inline_block nd_options_float_left nd_options_bg_greydark nd_options_width_30 nd_options_height_1\"><\/span><\/div>\n\t \t\t\t\t<div class=\"nd_options_section nd_options_height_15\"><\/div>\n\n\t\t            <h2 class=\"nd_options_margin_0_important nd_options_padding_0\">Pekel Cave<\/h2>\n\t\t            <div class=\"nd_options_section nd_options_height_20\"><\/div>\n\t\t            <p class=\"nd_options_margin_0_important nd_options_padding_0\">Take a stroll through the enchanting Karst cave, filled with interesting stalactites and stalagmites that, with a touch of imagination, create a variety of intriguing shapes in our eyes.<\/p>\n\t\t            <div class=\"nd_options_section nd_options_height_20\"><\/div>\n\t\t            <a style=\"border: 2px solid #c19b76; color:#c19b76;\" class=\"nd_options_display_inline_block nd_options_line_height_11 nd_options_text_align_center nd_options_box_sizing_border_box nd_options_font_size_11 nd_options_font_weight_bold nd_options_second_font nd_options_padding_15_30\" href=\"http:\/\/www.td-sempeter.si\/narava\/jama-pekel\/\" target=\"_blank\" rel=\"nofollow\">Read more<\/a>\n\n\t\t        <\/div>\n\n\t\t    <\/div>\n\t\t<\/div>\n\n\n\t  <\/div><!--CLOSE MASONRY--><\/div><\/div><\/div><\/div>\n\t\t<\/div>\n\t<\/div>\n<\/div><\/div><\/div><\/div>","protected":false},"excerpt":{"rendered":"Popularne znamenitosti Savinjska regija Fontana piv Zeleno zlato Fontana piv Zeleno zlato je poklon hmeljarski dedi\u0161\u010dini Spodnje Savinjske doline in \u017dalca, ki je sredi\u0161\u010de hmeljarstva v na\u0161i dr\u017eavi... Preveri ve\u010d Savinjska regija Dvorec Novo Celje Dvorec Novo Celje se uvr\u0161\u010da med najpomembnej\u0161e spomenike profane baro\u010dne arhitekture na slovenskih tleh. Preveri ve\u010d Savinjska regija Jama Pekel [...]","protected":false},"author":1,"featured_media":0,"parent":0,"menu_order":0,"comment_status":"closed","ping_status":"closed","template":"","meta":[],"yoast_head":"<!-- This site is optimized with the Yoast SEO plugin v21.5 - https:\/\/yoast.com\/wordpress\/plugins\/seo\/ -->\n<title>Around Us - Bed &amp; Breakfast Dvorec<\/title>\n<meta name=\"robots\" content=\"index, follow, max-snippet:-1, max-image-preview:large, max-video-preview:-1\" \/>\n<link rel=\"canonical\" href=\"https:\/\/bbdvorec.com\/en\/around-hotel\/\" \/>\n<meta property=\"og:locale\" content=\"en_GB\" \/>\n<meta property=\"og:type\" content=\"article\" \/>\n<meta property=\"og:title\" content=\"Around Us - Bed &amp; Breakfast Dvorec\" \/>\n<meta property=\"og:url\" content=\"https:\/\/bbdvorec.com\/en\/around-hotel\/\" \/>\n<meta property=\"og:site_name\" content=\"Bed &amp; Breakfast Dvorec\" \/>\n<meta property=\"article:modified_time\" content=\"2021-03-05T14:47:00+00:00\" \/>\n<meta name=\"twitter:card\" content=\"summary_large_image\" \/>\n<meta name=\"twitter:label1\" content=\"Estimated reading time\" \/>\n\t<meta name=\"twitter:data1\" content=\"1 minute\" \/>\n<script type=\"application\/ld+json\" class=\"yoast-schema-graph\">{\"@context\":\"https:\/\/schema.org\",\"@graph\":[{\"@type\":\"WebPage\",\"@id\":\"https:\/\/bbdvorec.com\/around-hotel\/\",\"url\":\"https:\/\/bbdvorec.com\/around-hotel\/\",\"name\":\"Around Us - Bed &amp; Breakfast Dvorec\",\"isPartOf\":{\"@id\":\"https:\/\/bbdvorec.com\/#website\"},\"datePublished\":\"2017-08-23T14:52:34+00:00\",\"dateModified\":\"2021-03-05T14:47:00+00:00\",\"breadcrumb\":{\"@id\":\"https:\/\/bbdvorec.com\/around-hotel\/#breadcrumb\"},\"inLanguage\":\"en-GB\",\"potentialAction\":[{\"@type\":\"ReadAction\",\"target\":[\"https:\/\/bbdvorec.com\/around-hotel\/\"]}]},{\"@type\":\"BreadcrumbList\",\"@id\":\"https:\/\/bbdvorec.com\/around-hotel\/#breadcrumb\",\"itemListElement\":[{\"@type\":\"ListItem\",\"position\":1,\"name\":\"Home\",\"item\":\"https:\/\/bbdvorec.com\/\"},{\"@type\":\"ListItem\",\"position\":2,\"name\":\"Around Us\"}]},{\"@type\":\"WebSite\",\"@id\":\"https:\/\/bbdvorec.com\/#website\",\"url\":\"https:\/\/bbdvorec.com\/\",\"name\":\"Bed &amp; Breakfast Dvorec\",\"description\":\"Dvorec B&amp;B\",\"potentialAction\":[{\"@type\":\"SearchAction\",\"target\":{\"@type\":\"EntryPoint\",\"urlTemplate\":\"https:\/\/bbdvorec.com\/?s={search_term_string}\"},\"query-input\":\"required name=search_term_string\"}],\"inLanguage\":\"en-GB\"}]}<\/script>\n<!-- \/ Yoast SEO plugin. -->","yoast_head_json":{"title":"Around Us - Bed &amp; Breakfast Dvorec","robots":{"index":"index","follow":"follow","max-snippet":"max-snippet:-1","max-image-preview":"max-image-preview:large","max-video-preview":"max-video-preview:-1"},"canonical":"https:\/\/bbdvorec.com\/en\/around-hotel\/","og_locale":"en_GB","og_type":"article","og_title":"Around Us - Bed &amp; Breakfast Dvorec","og_url":"https:\/\/bbdvorec.com\/en\/around-hotel\/","og_site_name":"Bed &amp; Breakfast Dvorec","article_modified_time":"2021-03-05T14:47:00+00:00","twitter_card":"summary_large_image","twitter_misc":{"Estimated reading time":"1 minute"},"schema":{"@context":"https:\/\/schema.org","@graph":[{"@type":"WebPage","@id":"https:\/\/bbdvorec.com\/around-hotel\/","url":"https:\/\/bbdvorec.com\/around-hotel\/","name":"Around Us - Bed &amp; Breakfast Dvorec","isPartOf":{"@id":"https:\/\/bbdvorec.com\/#website"},"datePublished":"2017-08-23T14:52:34+00:00","dateModified":"2021-03-05T14:47:00+00:00","breadcrumb":{"@id":"https:\/\/bbdvorec.com\/around-hotel\/#breadcrumb"},"inLanguage":"en-GB","potentialAction":[{"@type":"ReadAction","target":["https:\/\/bbdvorec.com\/around-hotel\/"]}]},{"@type":"BreadcrumbList","@id":"https:\/\/bbdvorec.com\/around-hotel\/#breadcrumb","itemListElement":[{"@type":"ListItem","position":1,"name":"Home","item":"https:\/\/bbdvorec.com\/"},{"@type":"ListItem","position":2,"name":"Around Us"}]},{"@type":"WebSite","@id":"https:\/\/bbdvorec.com\/#website","url":"https:\/\/bbdvorec.com\/","name":"Bed &amp; Breakfast Dvorec","description":"Dvorec B&amp;B","potentialAction":[{"@type":"SearchAction","target":{"@type":"EntryPoint","urlTemplate":"https:\/\/bbdvorec.com\/?s={search_term_string}"},"query-input":"required name=search_term_string"}],"inLanguage":"en-GB"}]}},"_links":{"self":[{"href":"https:\/\/bbdvorec.com\/en\/wp-json\/wp\/v2\/pages\/822"}],"collection":[{"href":"https:\/\/bbdvorec.com\/en\/wp-json\/wp\/v2\/pages"}],"about":[{"href":"https:\/\/bbdvorec.com\/en\/wp-json\/wp\/v2\/types\/page"}],"author":[{"embeddable":true,"href":"https:\/\/bbdvorec.com\/en\/wp-json\/wp\/v2\/users\/1"}],"replies":[{"embeddable":true,"href":"https:\/\/bbdvorec.com\/en\/wp-json\/wp\/v2\/comments?post=822"}],"version-history":[{"count":16,"href":"https:\/\/bbdvorec.com\/en\/wp-json\/wp\/v2\/pages\/822\/revisions"}],"predecessor-version":[{"id":1692,"href":"https:\/\/bbdvorec.com\/en\/wp-json\/wp\/v2\/pages\/822\/revisions\/1692"}],"wp:attachment":[{"href":"https:\/\/bbdvorec.com\/en\/wp-json\/wp\/v2\/media?parent=822"}],"curies":[{"name":"wp","href":"https:\/\/api.w.org\/{rel}","templated":true}]}}